{"id":2,"date":"2009-08-25T22:16:49","date_gmt":"2009-08-25T20:16:49","guid":{"rendered":"http:\/\/amacg.lyceegutenberg.net\/?page_id=2"},"modified":"2023-07-12T07:09:06","modified_gmt":"2023-07-12T05:09:06","slug":"a-propos","status":"publish","type":"page","link":"https:\/\/amacg.lyceegutenberg.net\/?page_id=2","title":{"rendered":"\u2026"},"content":{"rendered":"<p>ce blog est tenu par des enseignants<br \/>\nde <strong>BAC PRO Artisanat et M\u00e9tiers d\u2019Art<\/strong><br \/>\n<strong> option : Communication Visuelle Pluri M\u00e9dia<\/strong><br \/>\ndu <a href=\"http:\/\/www.lyceegutenberg.net\/\" target=\"_blank\" rel=\"noopener\"><strong>lyc\u00e9e Gutenberg<\/strong><\/a> \u00e0 Illkirch de l&rsquo;acad\u00e9mie de Strasbourg<\/p>\n<p>il permet aux \u00e9l\u00e8ves d\u2019acc\u00e9der aux r\u00e9f\u00e9rences abord\u00e9es en cours<br \/>\net d\u2019en d\u00e9couvrir d\u2019autres s\u00e9lectionn\u00e9es par leurs professeurs<\/p>\n<p>il fonctionne un peu comme un \u00ab\u00a0pense b\u00eate\u00a0\u00bb<br \/>\net permet \u00e0 chacun de partager et de [re]trouver<br \/>\nles outils, les documents, les ressources<br \/>\ndont nous avons besoin au quotidien<br \/>\nen tant que designer graphique<\/p>\n<p>bon visionnage \u00e0 tous les curieux !<\/p>\n<p>bettinamuller09@gmail.com<br \/>\npour l&rsquo;\u00e9quipe AMA CV<\/p>\n","protected":false},"excerpt":{"rendered":"<p>ce blog est tenu par des enseignants de BAC PRO Artisanat et M\u00e9tiers d\u2019Art option : Communication Visuelle Pluri M\u00e9dia du lyc\u00e9e Gutenberg \u00e0 Illkirch de l&rsquo;acad\u00e9mie de Strasbourg il permet aux \u00e9l\u00e8ves d\u2019acc\u00e9der aux r\u00e9f\u00e9rences abord\u00e9es en cours et &hellip; <a href=\"https:\/\/amacg.lyceegutenberg.net\/?page_id=2\">Continuer la lecture <span class=\"meta-nav\">&rarr;<\/span><\/a><\/p>\n","protected":false},"author":2,"featured_media":0,"parent":0,"menu_order":0,"comment_status":"open","ping_status":"open","template":"","meta":{"footnotes":""},"_links":{"self":[{"href":"https:\/\/amacg.lyceegutenberg.net\/index.php?rest_route=\/wp\/v2\/pages\/2"}],"collection":[{"href":"https:\/\/amacg.lyceegutenberg.net\/index.php?rest_route=\/wp\/v2\/pages"}],"about":[{"href":"https:\/\/amacg.lyceegutenberg.net\/index.php?rest_route=\/wp\/v2\/types\/page"}],"author":[{"embeddable":true,"href":"https:\/\/amacg.lyceegutenberg.net\/index.php?rest_route=\/wp\/v2\/users\/2"}],"replies":[{"embeddable":true,"href":"https:\/\/amacg.lyceegutenberg.net\/index.php?rest_route=%2Fwp%2Fv2%2Fcomments&post=2"}],"version-history":[{"count":15,"href":"https:\/\/amacg.lyceegutenberg.net\/index.php?rest_route=\/wp\/v2\/pages\/2\/revisions"}],"predecessor-version":[{"id":5955,"href":"https:\/\/amacg.lyceegutenberg.net\/index.php?rest_route=\/wp\/v2\/pages\/2\/revisions\/5955"}],"wp:attachment":[{"href":"https:\/\/amacg.lyceegutenberg.net\/index.php?rest_route=%2Fwp%2Fv2%2Fmedia&parent=2"}],"curies":[{"name":"wp","href":"https:\/\/api.w.org\/{rel}","templated":true}]}}